{"id":71,"date":"2024-08-04T13:39:52","date_gmt":"2024-08-04T11:39:52","guid":{"rendered":"http:\/\/bufeteairas.com\/?page_id=71"},"modified":"2024-08-04T19:36:23","modified_gmt":"2024-08-04T17:36:23","slug":"equipo","status":"publish","type":"page","link":"https:\/\/bufeteairas.com\/ca\/equipo\/","title":{"rendered":"Equip"},"content":{"rendered":"<div class=\"vc_row wpb_row vc_row-fluid\"><div class=\"wpb_column vc_column_container vc_col-sm-12\"><div class=\"vc_column-inner\"><div class=\"wpb_wrapper\">\n\t<div class=\"wpb_text_column wpb_content_element\" >\n\t\t<div class=\"wpb_wrapper\">\n\t\t\t<h2 style=\"text-align: center;\">Equip<\/h2>\n\n\t\t<\/div>\n\t<\/div>\n<\/div><\/div><\/div><\/div><div class=\"vc_row wpb_row vc_row-fluid\"><div class=\"wpb_column vc_column_container vc_col-sm-12\"><div class=\"vc_column-inner\"><div class=\"wpb_wrapper\"><div id=\"sc_team_1058619075_wrap\" class=\"sc_team_wrap\"><div id=\"sc_team_1058619075\" class=\"sc_team sc_team_style_team-1  sc_slider_nopagination sc_slider_nocontrols\" style=\"width:100%;\" data-interval=\"6533\" data-slides-per-view=\"3\"><div class=\"sc_columns columns_wrap\"><div class=\"column-1_3 column_padding_bottom\">\t\t\t<div id=\"sc_team_1058619075_1\"\t\t\t\tclass=\"sc_team_item sc_team_item_1 odd first\"\n\t\t\t\t>\n\t\t\t\t<div class=\"sc_team_item_avatar\"><a href=\"https:\/\/bufeteairas.com\/ca\/team\/ma-angeles-gimeno-bobes\/\"><img decoding=\"async\" class=\"wp-post-image\" alt=\"mariangeles.jpg\" src=\"https:\/\/bufeteairas.com\/wp-content\/uploads\/2024\/08\/mariangeles.jpg\"><\/a><\/div>\n\t\t\t\t<div class=\"sc_team_item_info\">\n\t\t\t\t\t<h5 class=\"sc_team_item_title\"><a href=\"https:\/\/bufeteairas.com\/ca\/team\/ma-angeles-gimeno-bobes\/\">M\u00aa Angeles Gimeno Bobes<\/a><\/h5>\n\t\t\t\t\t<div class=\"sc_team_item_position\"><\/div>\n\t\t\t\t\t\t\t\t\t<\/div>\n\t\t\t<\/div>\n\t\t<\/div><div class=\"column-1_3 column_padding_bottom\">\t\t\t<div id=\"sc_team_1058619075_2\"\t\t\t\tclass=\"sc_team_item sc_team_item_2 even\"\n\t\t\t\t>\n\t\t\t\t<div class=\"sc_team_item_avatar\"><a href=\"https:\/\/bufeteairas.com\/ca\/team\/antonio-alvar-ojea\/\"><img decoding=\"async\" class=\"wp-post-image\" alt=\"antonio.jpg\" src=\"https:\/\/bufeteairas.com\/wp-content\/uploads\/2024\/08\/antonio.jpg\"><\/a><\/div>\n\t\t\t\t<div class=\"sc_team_item_info\">\n\t\t\t\t\t<h5 class=\"sc_team_item_title\"><a href=\"https:\/\/bufeteairas.com\/ca\/team\/antonio-alvar-ojea\/\">Antonio Alvar Ojea<\/a><\/h5>\n\t\t\t\t\t<div class=\"sc_team_item_position\"><\/div>\n\t\t\t\t\t\t\t\t\t<\/div>\n\t\t\t<\/div>\n\t\t<\/div><div class=\"column-1_3 column_padding_bottom\">\t\t\t<div id=\"sc_team_1058619075_3\"\t\t\t\tclass=\"sc_team_item sc_team_item_3 odd\"\n\t\t\t\t>\n\t\t\t\t<div class=\"sc_team_item_avatar\"><a href=\"https:\/\/bufeteairas.com\/ca\/team\/vidal-masramon-carmona\/\"><img decoding=\"async\" class=\"wp-post-image\" alt=\"vidal-masramon.jpg\" src=\"https:\/\/bufeteairas.com\/wp-content\/uploads\/2024\/08\/vidal-masramon-390x440.jpg\"><\/a><\/div>\n\t\t\t\t<div class=\"sc_team_item_info\">\n\t\t\t\t\t<h5 class=\"sc_team_item_title\"><a href=\"https:\/\/bufeteairas.com\/ca\/team\/vidal-masramon-carmona\/\">Vidal Masramon Carmona<\/a><\/h5>\n\t\t\t\t\t<div class=\"sc_team_item_position\"><\/div>\n\t\t\t\t\t\t\t\t\t<\/div>\n\t\t\t<\/div>\n\t\t<\/div><\/div><\/div><!-- \/.sc_team --><\/div><!-- \/.sc_team_wrap --><\/div><\/div><\/div><\/div>","protected":false},"excerpt":{"rendered":"Licenciado por la UAB (1996) M\u00e1ster en pr\u00e1ctica jur\u00eddica, especializado en Derecho laboral y de la Seguridad Social. Profesor por la Universidad Aut\u00f3noma de Barcelona (Facultad de Derecho y relaciones laborales 2006-2007). Ha desarrollado su actividad profesional en el \u00e1rea Labora y de la Seguridad Social en los siguientes despachos: - 1997-2002 Despacho Gispert-Soldevila-Viladomat, especializado [...]","protected":false},"author":1,"featured_media":0,"parent":0,"menu_order":0,"comment_status":"closed","ping_status":"closed","template":"","meta":{"footnotes":""},"class_list":["post-71","page","type-page","status-publish","hentry"],"_links":{"self":[{"href":"https:\/\/bufeteairas.com\/ca\/wp-json\/wp\/v2\/pages\/71","targetHints":{"allow":["GET"]}}],"collection":[{"href":"https:\/\/bufeteairas.com\/ca\/wp-json\/wp\/v2\/pages"}],"about":[{"href":"https:\/\/bufeteairas.com\/ca\/wp-json\/wp\/v2\/types\/page"}],"author":[{"embeddable":true,"href":"https:\/\/bufeteairas.com\/ca\/wp-json\/wp\/v2\/users\/1"}],"replies":[{"embeddable":true,"href":"https:\/\/bufeteairas.com\/ca\/wp-json\/wp\/v2\/comments?post=71"}],"version-history":[{"count":16,"href":"https:\/\/bufeteairas.com\/ca\/wp-json\/wp\/v2\/pages\/71\/revisions"}],"predecessor-version":[{"id":78,"href":"https:\/\/bufeteairas.com\/ca\/wp-json\/wp\/v2\/pages\/71\/revisions\/78"}],"wp:attachment":[{"href":"https:\/\/bufeteairas.com\/ca\/wp-json\/wp\/v2\/media?parent=71"}],"curies":[{"name":"wp","href":"https:\/\/api.w.org\/{rel}","templated":true}]}}