{"id":56,"date":"2024-08-04T12:35:41","date_gmt":"2024-08-04T10:35:41","guid":{"rendered":"http:\/\/bufeteairas.com\/?page_id=56"},"modified":"2024-08-04T13:21:18","modified_gmt":"2024-08-04T11:21:18","slug":"servicios","status":"publish","type":"page","link":"https:\/\/bufeteairas.com\/ca\/servicios\/","title":{"rendered":"Serveis"},"content":{"rendered":"<div class=\"vc_row wpb_row vc_row-fluid\"><div class=\"wpb_column vc_column_container vc_col-sm-12\"><div class=\"vc_column-inner\"><div class=\"wpb_wrapper\"><div class=\"sc_section\"><div class=\"sc_section_inner\"><h1 class=\"sc_title sc_title_regular\"><\/p>\n<p style=\"text-align: center;\">Serveis<\/p>\n<p><\/h1><\/div><\/div><\/div><\/div><\/div><\/div><div class=\"vc_row wpb_row vc_row-fluid\"><div class=\"wpb_column vc_column_container vc_col-sm-12\"><div class=\"vc_column-inner\"><div class=\"wpb_wrapper\"><div class=\"vc_tta-container\" data-vc-action=\"collapse\"><div class=\"vc_general vc_tta vc_tta-tabs vc_tta-color-mulled-wine vc_tta-style-outline vc_tta-shape-rounded vc_tta-spacing-1 vc_tta-tabs-position-top vc_tta-controls-align-left\"><div class=\"vc_tta-tabs-container\"><ul class=\"vc_tta-tabs-list\"><li class=\"vc_tta-tab vc_active\" data-vc-tab><a href=\"#1722769839220-360dece1-6d22\" data-vc-tabs data-vc-container=\".vc_tta\"><span class=\"vc_tta-title-text\">Derecho Laboral<\/span><\/a><\/li><li class=\"vc_tta-tab\" data-vc-tab><a href=\"#1722769839221-2f152b27-6315\" data-vc-tabs data-vc-container=\".vc_tta\"><span class=\"vc_tta-title-text\">Derecho Administrativo<\/span><\/a><\/li><li class=\"vc_tta-tab\" data-vc-tab><a href=\"#1722770043497-be4f18b6-7b26\" data-vc-tabs data-vc-container=\".vc_tta\"><span class=\"vc_tta-title-text\">Otros Servicios<\/span><\/a><\/li><\/ul><\/div><div class=\"vc_tta-panels-container\"><div class=\"vc_tta-panels\"><div class=\"vc_tta-panel vc_active\" id=\"1722769839220-360dece1-6d22\" data-vc-content=\".vc_tta-panel-body\"><div class=\"vc_tta-panel-heading\"><h4 class=\"vc_tta-panel-title\"><a href=\"#1722769839220-360dece1-6d22\" data-vc-accordion data-vc-container=\".vc_tta-container\"><span class=\"vc_tta-title-text\">Derecho Laboral<\/span><\/a><\/h4><\/div><div class=\"vc_tta-panel-body\">\n\t<div class=\"wpb_text_column wpb_content_element\" >\n\t\t<div class=\"wpb_wrapper\">\n\t\t\t<ul>\n<li>\n<h3>Despidos<\/h3>\n<\/li>\n<li>\n<h3>Cantidades<\/h3>\n<\/li>\n<li>\n<h3>Sanciones<\/h3>\n<\/li>\n<li>\n<h3>Modificaciones sustanciales de las condiciones de trabajo<\/h3>\n<\/li>\n<li>\n<h3>Movilidad funcional y geogr\u00e1fica<\/h3>\n<\/li>\n<li>\n<h3>Vulneraci\u00f3n de derechos fundamentales<\/h3>\n<\/li>\n<li>\n<h3>Fondo de garant\u00eda salarial<\/h3>\n<\/li>\n<li>\n<h3>Conflictos colectivos<\/h3>\n<\/li>\n<li>\n<h3>Expedientes de regulaci\u00f3n de empleo<\/h3>\n<\/li>\n<li>\n<h3>Seguridad Social<\/h3>\n<\/li>\n<li>\n<h3>Elecciones sindicales<\/h3>\n<\/li>\n<li>\n<h3>Clasificaciones profesionales<\/h3>\n<\/li>\n<li>\n<h3>Grados de disminuci\u00f3n<\/h3>\n<\/li>\n<li>\n<h3>Ley de dependencia<\/h3>\n<\/li>\n<li>\n<h3>Jubilaciones<\/h3>\n<\/li>\n<li>\n<h3>Invalidez<\/h3>\n<\/li>\n<li>\n<h3>Viudedad<\/h3>\n<\/li>\n<li>\n<h3>Orfandad<\/h3>\n<\/li>\n<li>\n<h3>Impugnaci\u00f3n de altas m\u00e9dicas<\/h3>\n<\/li>\n<li>\n<h3>Accidentes de trabajo<\/h3>\n<\/li>\n<li>\n<h3>Infracciones<\/h3>\n<\/li>\n<li>\n<h3>Prevenci\u00f3n de riesgos laborales<\/h3>\n<\/li>\n<li>\n<h3>Recargos en prestaciones ante la falta de medidas de seguridad<\/h3>\n<\/li>\n<li>\n<h3>Asesoramiento laboral<\/h3>\n<\/li>\n<li>\n<h3>Planes de viabilidad y planes sociales<\/h3>\n<\/li>\n<li>\n<h3>Due Diligence laboral<\/h3>\n<\/li>\n<li>\n<h3>Formaci\u00f3n a personal de recursos humanos<\/h3>\n<\/li>\n<li>\n<h3>Previsi\u00f3n social<\/h3>\n<\/li>\n<li>\n<h3>Convenios y pactos colectivos de empresa<\/h3>\n<\/li>\n<\/ul>\n<h3>As\u00ed como los recursos correspondientes, ya sea ante los tribunales superiores de justicia de las distintas comunidades aut\u00f3nomas, ante el Tribunal Supremo o ante el Tribunal Constitucional.<\/h3>\n\n\t\t<\/div>\n\t<\/div>\n<\/div><\/div><div class=\"vc_tta-panel\" id=\"1722769839221-2f152b27-6315\" data-vc-content=\".vc_tta-panel-body\"><div class=\"vc_tta-panel-heading\"><h4 class=\"vc_tta-panel-title\"><a href=\"#1722769839221-2f152b27-6315\" data-vc-accordion data-vc-container=\".vc_tta-container\"><span class=\"vc_tta-title-text\">Derecho Administrativo<\/span><\/a><\/h4><\/div><div class=\"vc_tta-panel-body\">\n\t<div class=\"wpb_text_column wpb_content_element\" >\n\t\t<div class=\"wpb_wrapper\">\n\t\t\t<h3><strong><span id=\"result_box\" class=\"\" lang=\"ca\"><span class=\"hps\">Gestiones<\/span> ante<span class=\"\">:<\/span><\/span><\/strong><\/h3>\n<ul>\n<li class=\"firstItem\" dir=\"ltr\">\n<h3>Ayuntamientos<\/h3>\n<\/li>\n<li dir=\"ltr\">\n<h3>Entidades\u00a0estatales\u00a0y\u00a0auton\u00f3micas<\/h3>\n<\/li>\n<li dir=\"ltr\">\n<h3>INSS\u00a0(Instituto Nacional de la\u00a0Seguridad\u00a0Social)<\/h3>\n<\/li>\n<li dir=\"ltr\">\n<h3>ICASS\u00a0(Instituto Catal\u00e1n de asistencia\u00a0y Servicios Sociales)<\/h3>\n<\/li>\n<li dir=\"ltr\">\n<h3>ICS\u00a0(Instituto Catal\u00e1n\u00a0de la Salud)<\/h3>\n<\/li>\n<li dir=\"ltr\">\n<h3>TGSS\u00a0(Tesorer\u00eda General de la\u00a0Seguridad\u00a0Social)<\/h3>\n<\/li>\n<li dir=\"ltr\">\n<h3>ICAM\u00a0(Instituto Catal\u00e1n de Evaluaciones M\u00e9dicas)<\/h3>\n<\/li>\n<li dir=\"ltr\">\n<h3>FOGASA\u00a0(Fondo\u00a0de Garant\u00eda\u00a0Salarial)<\/h3>\n<\/li>\n<li class=\"lastItem\" dir=\"ltr\">\n<h3>SEPE\u00a0(Servicio\u00a0P\u00fablico\u00a0de empleo estatal)<\/h3>\n<\/li>\n<\/ul>\n<h3>Conciliaciones ante el Departamento de Empresa y Empleo, Inspecci\u00f3n de Trabajo y de la Seguridad Social.<\/h3>\n<h3>As\u00ed como cualquier\u00a0reclamaci\u00f3n\u00a0ante la\u00a0jurisdicci\u00f3n contenciosa\u00a0administrativa.<\/h3>\n\n\t\t<\/div>\n\t<\/div>\n<\/div><\/div><div class=\"vc_tta-panel\" id=\"1722770043497-be4f18b6-7b26\" data-vc-content=\".vc_tta-panel-body\"><div class=\"vc_tta-panel-heading\"><h4 class=\"vc_tta-panel-title\"><a href=\"#1722770043497-be4f18b6-7b26\" data-vc-accordion data-vc-container=\".vc_tta-container\"><span class=\"vc_tta-title-text\">Otros Servicios<\/span><\/a><\/h4><\/div><div class=\"vc_tta-panel-body\">\n\t<div class=\"wpb_text_column wpb_content_element\" >\n\t\t<div class=\"wpb_wrapper\">\n\t\t\t<ul>\n<li class=\"firstItem\">\n<h3><strong><span id=\"result_box\" class=\"\" lang=\"ca\">Derecho matrimonial:<\/span><\/strong><\/h3>\n<ul>\n<li class=\"firstItem\">\n<h3>Separaciones<\/h3>\n<\/li>\n<li>\n<h3><span id=\"result_box\" class=\"\" lang=\"ca\"><span class=\"hps\">Divorcios<\/span><\/span><\/h3>\n<\/li>\n<li>\n<h3>Nulidades<\/h3>\n<\/li>\n<li class=\"lastItem\">\n<h3><span id=\"result_box\" class=\"\" lang=\"ca\">C<span class=\"hps\">onvenios<\/span><\/span><\/h3>\n<\/li>\n<\/ul>\n<\/li>\n<li>\n<h3><strong><span id=\"result_box\" class=\"\" lang=\"ca\">Derecho civil:<\/span><\/strong><\/h3>\n<ul>\n<li class=\"firstItem\">\n<h3>Contratos<\/h3>\n<\/li>\n<li>\n<h3>Familia<\/h3>\n<\/li>\n<li>\n<h3>Arrendamientos<\/h3>\n<\/li>\n<li>\n<h3>Sucesiones<\/h3>\n<\/li>\n<li>\n<h3>Testamentos<\/h3>\n<\/li>\n<li class=\"lastItem\">\n<h3>Declaraci\u00f3n de herederos<\/h3>\n<\/li>\n<\/ul>\n<\/li>\n<li class=\"lastItem\">\n<h3><strong>Derecho Penal:<\/strong><\/h3>\n<ul>\n<li class=\"firstItem\">\n<h3>Denuncias<\/h3>\n<\/li>\n<li>\n<h3>Querellas<\/h3>\n<\/li>\n<li>\n<h3>Asistencia y defensa al detenido<\/h3>\n<\/li>\n<li class=\"lastItem\">\n<h3>Accidentes de circulaci\u00f3n<\/h3>\n<\/li>\n<\/ul>\n<\/li>\n<\/ul>\n\n\t\t<\/div>\n\t<\/div>\n<\/div><\/div><\/div><\/div><\/div><\/div><\/div><\/div><\/div><\/div>","protected":false},"excerpt":{"rendered":"Servicios Derecho LaboralDerecho AdministrativoOtros ServiciosDerecho Laboral Despidos Cantidades Sanciones Modificaciones sustanciales de las condiciones de trabajo Movilidad funcional y geogr\u00e1fica Vulneraci\u00f3n de derechos fundamentales Fondo de garant\u00eda salarial Conflictos colectivos Expedientes de regulaci\u00f3n de empleo Seguridad Social Elecciones sindicales Clasificaciones profesionales Grados de disminuci\u00f3n Ley de dependencia Jubilaciones Invalidez Viudedad Orfandad Impugnaci\u00f3n de altas m\u00e9dicas [...]","protected":false},"author":1,"featured_media":0,"parent":0,"menu_order":0,"comment_status":"closed","ping_status":"closed","template":"","meta":{"footnotes":""},"class_list":["post-56","page","type-page","status-publish","hentry"],"_links":{"self":[{"href":"https:\/\/bufeteairas.com\/ca\/wp-json\/wp\/v2\/pages\/56","targetHints":{"allow":["GET"]}}],"collection":[{"href":"https:\/\/bufeteairas.com\/ca\/wp-json\/wp\/v2\/pages"}],"about":[{"href":"https:\/\/bufeteairas.com\/ca\/wp-json\/wp\/v2\/types\/page"}],"author":[{"embeddable":true,"href":"https:\/\/bufeteairas.com\/ca\/wp-json\/wp\/v2\/users\/1"}],"replies":[{"embeddable":true,"href":"https:\/\/bufeteairas.com\/ca\/wp-json\/wp\/v2\/comments?post=56"}],"version-history":[{"count":6,"href":"https:\/\/bufeteairas.com\/ca\/wp-json\/wp\/v2\/pages\/56\/revisions"}],"predecessor-version":[{"id":66,"href":"https:\/\/bufeteairas.com\/ca\/wp-json\/wp\/v2\/pages\/56\/revisions\/66"}],"wp:attachment":[{"href":"https:\/\/bufeteairas.com\/ca\/wp-json\/wp\/v2\/media?parent=56"}],"curies":[{"name":"wp","href":"https:\/\/api.w.org\/{rel}","templated":true}]}}