{"id":27,"date":"2015-08-17T13:00:07","date_gmt":"2015-08-17T13:00:07","guid":{"rendered":"http:\/\/bufeteairas.com\/?page_id=27"},"modified":"2024-08-04T19:29:48","modified_gmt":"2024-08-04T17:29:48","slug":"contacto","status":"publish","type":"page","link":"https:\/\/bufeteairas.com\/ca\/contacto\/","title":{"rendered":"Contacte"},"content":{"rendered":"<div data-vc-full-width=\"true\" data-vc-full-width-init=\"false\" data-vc-stretch-content=\"true\" class=\"vc_row wpb_row vc_row-fluid vc_custom_1439816507895 vc_row-no-padding\"><div class=\"wpb_column vc_column_container vc_col-sm-12\"><div class=\"vc_column-inner\"><div class=\"wpb_wrapper\"><div class=\"sc_section aligncenter\" style=\"margin-top:90px;\"><div class=\"sc_section_inner\"><h2 class=\"sc_title sc_title_regular sc_align_center\" style=\"text-align:center;\">Donde estamos<\/h2><div class=\"sc_line sc_line_style_solid\" style=\"border-width: 2px; display: inline-block;margin-top:4px;margin-bottom:14px;width:26px;border-top-style:solid;border-top-color:#ba994c;\"><\/div><h5 class=\"sc_title sc_title_regular sc_align_center\" style=\"margin-bottom:50px;text-align:center;color:#12252d;font-weight:400;\"><i>Bufete Airas est\u00e1 en pleno centro de Barcelona, a escasos 300 metros de Plaza de Catalu\u00f1a. Si desea contactar con nosotros, puede utilizar el formulario siguiente.<\/i><\/h5><\/div><\/div><div id=\"sc_googlemap_1274096707\" class=\"sc_googlemap\" style=\"width:100%;height:550px;\" data-zoom=\"18\" data-style=\"default\"><iframe src=\"https:\/\/maps.google.com\/maps?t=m&output=embed&iwloc=near&z=18&q=Ronda+Sant+Pere%2C+38+08010+-+Barcelona+Spain\" scrolling=\"no\" marginheight=\"0\" marginwidth=\"0\" frameborder=\"0\" aria-label=\"Bufete Airas\"><\/iframe><\/div><\/div><\/div><\/div><\/div><div class=\"vc_row-full-width vc_clearfix\"><\/div><div data-vc-full-width=\"true\" data-vc-full-width-init=\"false\" class=\"vc_row wpb_row vc_row-fluid remove_bottom vc_custom_1443446185962 vc_row-has-fill\"><div class=\"wpb_column vc_column_container vc_col-sm-12\"><div class=\"vc_column-inner\"><div class=\"wpb_wrapper\"><div class=\"vc_separator wpb_content_element vc_separator_align_center vc_sep_width_100 vc_sep_pos_align_center vc_sep_color_mulled_wine vc_custom_1722792587339 vc_separator-has-text\" ><span class=\"vc_sep_holder vc_sep_holder_l\"><span  class=\"vc_sep_line\"><\/span><\/span><h4>Formulario de contacto<\/h4><span class=\"vc_sep_holder vc_sep_holder_r\"><span  class=\"vc_sep_line\"><\/span><\/span>\n<\/div><div class=\"columns_wrap sc_columns columns_nofluid sc_columns_count_3\" style=\"margin-bottom:90px;\"><div class=\"column-1_3 sc_column_item sc_column_item_1 odd first\">\n\t<div class=\"wpb_text_column wpb_content_element  vc_custom_1722792023244\" >\n\t\t<div class=\"wpb_wrapper\">\n\t\t\t<p><span class=\"address_label\">Direcci\u00f3n:<\/span><\/p>\n<p>Ronda Sant Pere, 38 2n 2\u00aa<\/p>\n<p>08010 &#8211; Barcelona<\/p>\n\n\t\t<\/div>\n\t<\/div>\n\n\t<div class=\"wpb_text_column wpb_content_element  vc_custom_1722792058660\" >\n\t\t<div class=\"wpb_wrapper\">\n\t\t\t<p><span class=\"address_label\">Nuestro horario:<\/span><\/p>\n<p>Abierto: 9.00-20.00 Lun-Vie<\/p>\n\n\t\t<\/div>\n\t<\/div>\n\n\t<div class=\"wpb_text_column wpb_content_element  vc_custom_1722792134769\" >\n\t\t<div class=\"wpb_wrapper\">\n\t\t\t<p><span class=\"address_label\">Tel\u00e9fono<\/span><\/p>\n<h3><a href=\"tel:932681490\">93 268 14 90<\/a><\/h3>\n\n\t\t<\/div>\n\t<\/div>\n\n\t<div class=\"wpb_text_column wpb_content_element  vc_custom_1722792158130\" >\n\t\t<div class=\"wpb_wrapper\">\n\t\t\t<p>E-mail<\/p>\n<p><a href=\"mailto:info@bufeteairas.com\">info@bufeteairas.com<\/a><\/p>\n\n\t\t<\/div>\n\t<\/div>\n<\/div><div class=\"column-2_3 sc_column_item sc_column_item_2 even span_2\">\n<div class=\"wpcf7 no-js\" id=\"wpcf7-f5-o1\" lang=\"es-ES\" dir=\"ltr\">\n<div class=\"screen-reader-response\"><p role=\"status\" aria-live=\"polite\" aria-atomic=\"true\"><\/p> <ul><\/ul><\/div>\n<form action=\"\/ca\/wp-json\/wp\/v2\/pages\/27#wpcf7-f5-o1\" method=\"post\" class=\"wpcf7-form init\" aria-label=\"Formulario de contacto\" novalidate=\"novalidate\" data-status=\"init\" data-trp-original-action=\"\/ca\/wp-json\/wp\/v2\/pages\/27#wpcf7-f5-o1\">\n<div style=\"display: none;\">\n<input type=\"hidden\" name=\"_wpcf7\" value=\"5\" \/>\n<input type=\"hidden\" name=\"_wpcf7_version\" value=\"5.9.8\" \/>\n<input type=\"hidden\" name=\"_wpcf7_locale\" value=\"es_ES\" \/>\n<input type=\"hidden\" name=\"_wpcf7_unit_tag\" value=\"wpcf7-f5-o1\" \/>\n<input type=\"hidden\" name=\"_wpcf7_container_post\" value=\"0\" \/>\n<input type=\"hidden\" name=\"_wpcf7_posted_data_hash\" value=\"\" \/>\n<\/div>\n<p><label> Tu nombre<br \/>\n<span class=\"wpcf7-form-control-wrap\" data-name=\"your-name\"><input size=\"40\" maxlength=\"400\" class=\"wpcf7-form-control wpcf7-text wpcf7-validates-as-required\" autocomplete=\"name\" aria-required=\"true\" aria-invalid=\"false\" value=\"\" type=\"text\" name=\"your-name\" \/><\/span> <\/label>\n<\/p>\n<p><label> Tu correo electr\u00f3nico<br \/>\n<span class=\"wpcf7-form-control-wrap\" data-name=\"your-email\"><input size=\"40\" maxlength=\"400\" class=\"wpcf7-form-control wpcf7-email wpcf7-validates-as-required wpcf7-text wpcf7-validates-as-email\" autocomplete=\"email\" aria-required=\"true\" aria-invalid=\"false\" value=\"\" type=\"email\" name=\"your-email\" \/><\/span> <\/label>\n<\/p>\n<p><label> Asunto<br \/>\n<span class=\"wpcf7-form-control-wrap\" data-name=\"your-subject\"><input size=\"40\" maxlength=\"400\" class=\"wpcf7-form-control wpcf7-text wpcf7-validates-as-required\" aria-required=\"true\" aria-invalid=\"false\" value=\"\" type=\"text\" name=\"your-subject\" \/><\/span> <\/label>\n<\/p>\n<p><label> Tu mensaje (opcional Max: 300 caracteres)<br \/>\n<span class=\"wpcf7-form-control-wrap\" data-name=\"your-message\"><textarea cols=\"40\" rows=\"10\" maxlength=\"300\" class=\"wpcf7-form-control wpcf7-textarea\" aria-invalid=\"false\" name=\"your-message\"><\/textarea><\/span> <\/label>\n<\/p>\n<p><input class=\"wpcf7-form-control wpcf7-submit has-spinner\" type=\"submit\" value=\"Enviar\" \/>\n<\/p><div class=\"wpcf7-response-output\" aria-hidden=\"true\"><\/div>\n<input type=\"hidden\" name=\"trp-form-language\" value=\"ca\"\/><\/form>\n<\/div>\n<\/div><\/div><\/div><\/div><\/div><div class=\"wpb_column vc_column_container vc_col-sm-12\"><div class=\"vc_column-inner\"><div class=\"wpb_wrapper\"><\/div><\/div><\/div><div class=\"wpb_column vc_column_container vc_col-sm-12\"><div class=\"vc_column-inner\"><div class=\"wpb_wrapper\"><\/div><\/div><\/div><\/div><div class=\"vc_row-full-width vc_clearfix\"><\/div>","protected":false},"excerpt":{"rendered":"Donde estamosBufete Airas est\u00e1 en pleno centro de Barcelona, a escasos 300 metros de Plaza de Catalu\u00f1a. Si desea contactar con nosotros, puede utilizar el formulario siguiente.Formulario de contacto Direcci\u00f3n: Ronda Sant Pere, 38 2n 2\u00aa 08010 - Barcelona Nuestro horario: Abierto: 9.00-20.00 Lun-Vie Tel\u00e9fono 93 268 14 90 E-mail info@bufeteairas.com Tu nombre Tu correo [...]","protected":false},"author":1,"featured_media":0,"parent":0,"menu_order":0,"comment_status":"open","ping_status":"open","template":"","meta":{"footnotes":""},"class_list":["post-27","page","type-page","status-publish","hentry"],"_links":{"self":[{"href":"https:\/\/bufeteairas.com\/ca\/wp-json\/wp\/v2\/pages\/27","targetHints":{"allow":["GET"]}}],"collection":[{"href":"https:\/\/bufeteairas.com\/ca\/wp-json\/wp\/v2\/pages"}],"about":[{"href":"https:\/\/bufeteairas.com\/ca\/wp-json\/wp\/v2\/types\/page"}],"author":[{"embeddable":true,"href":"https:\/\/bufeteairas.com\/ca\/wp-json\/wp\/v2\/users\/1"}],"replies":[{"embeddable":true,"href":"https:\/\/bufeteairas.com\/ca\/wp-json\/wp\/v2\/comments?post=27"}],"version-history":[{"count":8,"href":"https:\/\/bufeteairas.com\/ca\/wp-json\/wp\/v2\/pages\/27\/revisions"}],"predecessor-version":[{"id":94,"href":"https:\/\/bufeteairas.com\/ca\/wp-json\/wp\/v2\/pages\/27\/revisions\/94"}],"wp:attachment":[{"href":"https:\/\/bufeteairas.com\/ca\/wp-json\/wp\/v2\/media?parent=27"}],"curies":[{"name":"wp","href":"https:\/\/api.w.org\/{rel}","templated":true}]}}