{"id":15,"date":"2024-08-02T09:54:16","date_gmt":"2024-08-02T07:54:16","guid":{"rendered":"http:\/\/bufeteairas.com\/?page_id=15"},"modified":"2024-08-04T20:02:26","modified_gmt":"2024-08-04T18:02:26","slug":"historia","status":"publish","type":"page","link":"https:\/\/bufeteairas.com\/ca\/historia\/","title":{"rendered":"Hist\u00f2ria"},"content":{"rendered":"<div class=\"vc_row wpb_row vc_row-fluid\"><div class=\"wpb_column vc_column_container vc_col-sm-12\"><div class=\"vc_column-inner\"><div class=\"wpb_wrapper\">\n\t<div class=\"wpb_text_column wpb_content_element\" >\n\t\t<div class=\"wpb_wrapper\">\n\t\t\t<h3>El Bufete Airas es uno de los despachos con mayor antig\u00fcedad de Barcelona. Se fund\u00f3 en 1969 en Terrassa, por el Abogado Leopoldo Airas Barreal, abriendo en 1980 su sede principal desde entonces, en Barcelona. El despacho siempre ha estado especializado en Derecho del trabajo y de la Seguridad Social, as\u00ed como cualquier tema relacionado con el mundo del derecho laboral y de empresa. El Despacho, tiene una amplia trayectoria y experiencia profesional, que ofrece protecci\u00f3n jur\u00eddica a la empresa y particulares en todos los aspectos relacionados con el mundo del Derecho Laboral.<\/h3>\n<h3><\/h3>\n<h3>En la actualidad, el Bufete Airas est\u00e1 integrado por seis abogados, socios y colaboradores, adem\u00e1s del personal de administraci\u00f3n, todos ellos con m\u00e1s de 15 a\u00f1os de experiencia en sus respectivas especialidades. Anualmente se interviene en m\u00e1s de 600 procedimientos judiciales.<\/h3>\n<h3><\/h3>\n<h3>\u00a0<\/h3>\n\n\t\t<\/div>\n\t<\/div>\n<\/div><\/div><\/div><\/div>","protected":false},"excerpt":{"rendered":"El Bufete Airas es uno de los despachos con mayor antig\u00fcedad de Barcelona. Se fund\u00f3 en 1969 en Terrassa, por el Abogado Leopoldo Airas Barreal, abriendo en 1980 su sede principal desde entonces, en Barcelona. El despacho siempre ha estado especializado en Derecho del trabajo y de la Seguridad Social, as\u00ed como cualquier tema relacionado [...]","protected":false},"author":1,"featured_media":0,"parent":0,"menu_order":0,"comment_status":"closed","ping_status":"closed","template":"","meta":{"footnotes":""},"class_list":["post-15","page","type-page","status-publish","hentry"],"_links":{"self":[{"href":"https:\/\/bufeteairas.com\/ca\/wp-json\/wp\/v2\/pages\/15","targetHints":{"allow":["GET"]}}],"collection":[{"href":"https:\/\/bufeteairas.com\/ca\/wp-json\/wp\/v2\/pages"}],"about":[{"href":"https:\/\/bufeteairas.com\/ca\/wp-json\/wp\/v2\/types\/page"}],"author":[{"embeddable":true,"href":"https:\/\/bufeteairas.com\/ca\/wp-json\/wp\/v2\/users\/1"}],"replies":[{"embeddable":true,"href":"https:\/\/bufeteairas.com\/ca\/wp-json\/wp\/v2\/comments?post=15"}],"version-history":[{"count":5,"href":"https:\/\/bufeteairas.com\/ca\/wp-json\/wp\/v2\/pages\/15\/revisions"}],"predecessor-version":[{"id":106,"href":"https:\/\/bufeteairas.com\/ca\/wp-json\/wp\/v2\/pages\/15\/revisions\/106"}],"wp:attachment":[{"href":"https:\/\/bufeteairas.com\/ca\/wp-json\/wp\/v2\/media?parent=15"}],"curies":[{"name":"wp","href":"https:\/\/api.w.org\/{rel}","templated":true}]}}